{"id":285959,"date":"2023-08-09T19:16:12","date_gmt":"2023-08-09T17:16:12","guid":{"rendered":"https:\/\/paroisse-carquefou-suce-sur-erdre.fr\/?page_id=285959"},"modified":"2023-09-05T19:33:02","modified_gmt":"2023-09-05T17:33:02","slug":"jeunes-pro","status":"publish","type":"page","link":"https:\/\/paroisse-carquefou-suce-sur-erdre.fr\/index.php\/formation-catechese\/jeunes-pro\/","title":{"rendered":"Jeunes Pro"},"content":{"rendered":"<p>[et_pb_section][et_pb_row][et_pb_column type=\u00a0\u00bb4_4&Prime;][et_pb_text]<\/p>\n<h2>Premiers pas dans la Bible<\/h2>\n<p>6 rencontres en soir\u00e9e.<br \/>\nEn plus d\u2019acqu\u00e9rir quelques cl\u00e9s n\u00e9cessaires \u00e0 sa lecture, la formation permettra de<br \/>\nprendre conscience que la Bible est une relecture croyante qui retrace l\u2019histoire<br \/>\nd\u2019alliance d\u2019un peuple avec son Dieu.<br \/>\nContact :<em> Christophe Morin<\/em><\/p>\n<p>[\/et_pb_text][\/et_pb_column][\/et_pb_row][\/et_pb_section]<\/p>\n","protected":false},"excerpt":{"rendered":"<p><div class=\"et_pb_section et_pb_section_0 et_section_regular\" >\n\t\t\t\t\n\t\t\t\t\n\t\t\t\t\n\t\t\t\t\n\t\t\t\t\n\t\t\t\t\n\t\t\t\t\n\t\t\t\t\n\t\t\t\t\n\t\t\t<\/div><div class=\"et_pb_row et_pb_row_0 et_pb_row_empty\">\n\t\t\t\t\n\t\t\t\t\n\t\t\t\t\n\t\t\t\t\n\t\t\t\t\n\t\t\t<\/div><div class=\"et_pb_module et_pb_text et_pb_text_0  et_pb_text_align_left et_pb_bg_layout_light\">\n\t\t\t\t\n\t\t\t\t\n\t\t\t\t\n\t\t\t\t\n\t\t\t\t\n\t\t\t<\/div> Premiers pas dans la Bible 6 rencontres en soir\u00e9e. En plus d\u2019acqu\u00e9rir quelques cl\u00e9s n\u00e9cessaires \u00e0 sa lecture, la formation permettra de prendre conscience que la Bible est une relecture croyante qui retrace l\u2019histoire d\u2019alliance d\u2019un peuple avec son Dieu. Contact : Christophe Morin<\/p>\n","protected":false},"author":4,"featured_media":0,"parent":285881,"menu_order":0,"comment_status":"closed","ping_status":"closed","template":"","meta":{"_et_pb_use_builder":"on","_et_pb_old_content":"<h2>Premiers pas dans la Bible<\/h2><p>6 rencontres en soir\u00e9e.<br \/>En plus d\u2019acqu\u00e9rir quelques cl\u00e9s n\u00e9cessaires \u00e0 sa lecture, la formation permettra de<br \/>prendre conscience que la Bible est une relecture croyante qui retrace l\u2019histoire<br \/>d\u2019alliance d\u2019un peuple avec son Dieu.<br \/>Contact :<em> Christophe Morin<\/em><\/p>","_et_gb_content_width":"","_price":"","_stock":"","_tribe_ticket_header":"","_tribe_default_ticket_provider":"","_tribe_ticket_capacity":"0","_ticket_start_date":"","_ticket_end_date":"","_tribe_ticket_show_description":"","_tribe_ticket_show_not_going":false,"_tribe_ticket_use_global_stock":"","_tribe_ticket_global_stock_level":"","_global_stock_mode":"","_global_stock_cap":"","_tribe_rsvp_for_event":"","_tribe_ticket_going_count":"","_tribe_ticket_not_going_count":"","_tribe_tickets_list":"[]","_tribe_ticket_has_attendee_info_fields":false,"footnotes":"","_tec_slr_enabled":"","_tec_slr_layout":""},"class_list":["post-285959","page","type-page","status-publish","hentry"],"ticketed":false,"_links":{"self":[{"href":"https:\/\/paroisse-carquefou-suce-sur-erdre.fr\/index.php\/wp-json\/wp\/v2\/pages\/285959","targetHints":{"allow":["GET"]}}],"collection":[{"href":"https:\/\/paroisse-carquefou-suce-sur-erdre.fr\/index.php\/wp-json\/wp\/v2\/pages"}],"about":[{"href":"https:\/\/paroisse-carquefou-suce-sur-erdre.fr\/index.php\/wp-json\/wp\/v2\/types\/page"}],"author":[{"embeddable":true,"href":"https:\/\/paroisse-carquefou-suce-sur-erdre.fr\/index.php\/wp-json\/wp\/v2\/users\/4"}],"replies":[{"embeddable":true,"href":"https:\/\/paroisse-carquefou-suce-sur-erdre.fr\/index.php\/wp-json\/wp\/v2\/comments?post=285959"}],"version-history":[{"count":5,"href":"https:\/\/paroisse-carquefou-suce-sur-erdre.fr\/index.php\/wp-json\/wp\/v2\/pages\/285959\/revisions"}],"predecessor-version":[{"id":287174,"href":"https:\/\/paroisse-carquefou-suce-sur-erdre.fr\/index.php\/wp-json\/wp\/v2\/pages\/285959\/revisions\/287174"}],"up":[{"embeddable":true,"href":"https:\/\/paroisse-carquefou-suce-sur-erdre.fr\/index.php\/wp-json\/wp\/v2\/pages\/285881"}],"wp:attachment":[{"href":"https:\/\/paroisse-carquefou-suce-sur-erdre.fr\/index.php\/wp-json\/wp\/v2\/media?parent=285959"}],"curies":[{"name":"wp","href":"https:\/\/api.w.org\/{rel}","templated":true}]}}